{"id":20959,"date":"2026-01-05T01:14:46","date_gmt":"2026-01-05T00:14:46","guid":{"rendered":"https:\/\/apartamentosaugustus.augustushotels.es\/avis-juridique\/"},"modified":"2026-03-30T17:14:11","modified_gmt":"2026-03-30T15:14:11","slug":"avis-juridique-imprint","status":"publish","type":"page","link":"https:\/\/apartamentosaugustus.augustushotels.es\/fr\/avis-juridique-imprint\/","title":{"rendered":"Avis Juridique"},"content":{"rendered":"\t\t<div data-elementor-type=\"wp-page\" data-elementor-id=\"20959\" class=\"elementor elementor-20959 elementor-13887\" data-elementor-post-type=\"page\">\n\t\t\t\t<div class=\"elementor-element elementor-element-2b216a0 cs-section-content-fullwidth cs_scroll_y_120 cs-parallax-on-scroll e-flex e-con-boxed e-con e-parent\" data-id=\"2b216a0\" data-element_type=\"container\" data-e-type=\"container\" data-settings=\"{&quot;background_background&quot;:&quot;slideshow&quot;,&quot;background_slideshow_gallery&quot;:[{&quot;id&quot;:15094,&quot;url&quot;:&quot;https:\\\/\\\/apartamentosaugustus.augustushotels.es\\\/wp-content\\\/uploads\\\/2026\\\/01\\\/Augustus-mar-y-piscina.webp&quot;},{&quot;id&quot;:15401,&quot;url&quot;:&quot;https:\\\/\\\/apartamentosaugustus.augustushotels.es\\\/wp-content\\\/uploads\\\/2026\\\/01\\\/apartamentos-augustus.webp&quot;},{&quot;id&quot;:15399,&quot;url&quot;:&quot;https:\\\/\\\/apartamentosaugustus.augustushotels.es\\\/wp-content\\\/uploads\\\/2026\\\/01\\\/hotel-augustus.webp&quot;}],&quot;background_slideshow_ken_burns&quot;:&quot;yes&quot;,&quot;background_slideshow_lazyload&quot;:&quot;yes&quot;,&quot;background_slideshow_loop&quot;:&quot;yes&quot;,&quot;background_slideshow_slide_duration&quot;:5000,&quot;background_slideshow_slide_transition&quot;:&quot;fade&quot;,&quot;background_slideshow_transition_duration&quot;:500,&quot;background_slideshow_ken_burns_zoom_direction&quot;:&quot;in&quot;}\" data-cs-parallax-y=\"120\">\n\t\t\t\t\t<div class=\"e-con-inner\">\n\t\t\t\t\t<\/div>\n\t\t\t\t<\/div>\n\t\t<div class=\"elementor-element elementor-element-c3df85e e-flex e-con-boxed e-con e-parent\" data-id=\"c3df85e\" data-element_type=\"container\" data-e-type=\"container\">\n\t\t\t\t\t<div class=\"e-con-inner\">\n\t\t\t\t<div class=\"elementor-element elementor-element-9bae2ed elementor-widget elementor-widget-cs_title\" data-id=\"9bae2ed\" data-element_type=\"widget\" data-e-type=\"widget\" data-widget_type=\"cs_title.default\">\n\t\t\t\t<div class=\"elementor-widget-container\">\n\t\t\t\t\t\n        <div class=\"cs-title-wrap text-center\">\t            <div class=\"cs-subtitle-wrap\"><span class=\"cs-subtitle\">H\u00d4TELS AUGUSTUS<\/span><\/div>\t            <h4 class=\"cs-title\">\n\t                Avis Juridique\t            <\/h4>        <\/div>\t\t\t\t<\/div>\n\t\t\t\t<\/div>\n\t\t\t\t\t<\/div>\n\t\t\t\t<\/div>\n\t\t<div class=\"elementor-element elementor-element-5a8e813e e-flex e-con-boxed e-con e-parent\" data-id=\"5a8e813e\" data-element_type=\"container\" data-e-type=\"container\">\n\t\t\t\t\t<div class=\"e-con-inner\">\n\t\t\t\t<div class=\"elementor-element elementor-element-1541cf4a augustus-legal-txt elementor-widget elementor-widget-shortcode\" data-id=\"1541cf4a\" data-element_type=\"widget\" data-e-type=\"widget\" data-widget_type=\"shortcode.default\">\n\t\t\t\t\t\t\t<div class=\"elementor-shortcode\">\n<!-- Legal document generated by Complianz | GDPR\/CCPA Cookie Consent https:\/\/wordpress.org\/plugins\/complianz-gdpr -->\n<div id=\"cmplz-document\" class=\"cmplz-document impressum cmplz-document-all\"><p><i>Cette imprint a \u00e9t\u00e9 mise \u00e0 jour pour la derni\u00e8re fois le 5 janvier 2026.<\/i><\/p><p class=\"cmplz-subtitle\">Le propri\u00e9taire de ce site web est\u00a0:<\/p><p>AUGUSTUS HOTELS (CENTUR, SL) S.L.<br>Av. Diputaci\u00f3, 190 - 43850 Cambrils (Tarragona)<br>Espagne<br>E-mail\u00a0:&nbsp;<span class=\"cmplz-obfuscate\">d&#105;r&#101;c&#099;io&#110;@<span class=\"cmplz-fmail-domain\">&#101;&#120;.&#099;&#111;&#109;<\/span>&#104;o&#116;el&#097;&#117;&#103;u&#115;t&#117;s.&#101;&#115;<\/span><br>Num\u00e9ro de t\u00e9l\u00e9phone\u00a0: (34) 977 38 11 54<br>ID TVA\u00a0:&nbsp;B17016742<\/p><h2>1. G\u00e9n\u00e9ral<\/h2><p class=\"cmplz-subtitle\">1.1 Nous sommes enregistr\u00e9s chez Registro Mercantil de Girona en el volumen 374, folio 47 y hoja n\u00famero GI-6735 sous le num\u00e9ro de licence ou d\u2019enregistrement\u00a0:<\/p><p><\/p><p>Nous sommes dispos\u00e9s ou oblig\u00e9s de participer \u00e0 des proc\u00e9dures de r\u00e8glement des litiges devant une commission d\u2019arbitrage des consommateurs.<\/p><h2>2. Les informations suivantes sont obligatoires selon la loi allemande.<\/h2><\/div><\/div>\n\t\t\t\t\t\t<\/div>\n\t\t\t\t\t<\/div>\n\t\t\t\t<\/div>\n\t\t\t\t<\/div>\n\t\t","protected":false},"excerpt":{"rendered":"<p>H\u00d4TELS AUGUSTUS Avis Juridique<\/p>\n","protected":false},"author":1,"featured_media":0,"parent":0,"menu_order":0,"comment_status":"closed","ping_status":"closed","template":"elementor_header_footer","meta":{"cozystay_single_page_hide_site_header":"","cozystay_single_page_site_header_source":"","cozystay_single_page_custom_site_header":"0","cozystay_single_page_custom_sticky_site_header":"0","cozystay_single_page_hide_page_title":"","cozystay_single_page_header_section_size":"","cozystay_single_page_header_background_color":"","cozystay_single_page_header_background_position_x":"center","cozystay_single_page_header_background_position_y":"center","cozystay_single_page_header_background_size":"cover","cozystay_single_page_header_background_repeat":"off","cozystay_single_page_header_background_scroll":"on","cozystay_single_page_header_text_color":"","cozystay_single_page_header_show_breadcrumb":"","cozystay_single_page_site_footer_hide_main":"","cozystay_single_custom_site_footer_main_source":"","cozystay_single_custom_site_footer_main":"0","cozystay_single_page_site_footer_hide_above":"","cozystay_single_custom_site_footer_above_source":"","cozystay_single_custom_site_footer_above":"0","cozystay_single_page_site_footer_hide_instagram":"","cozystay_single_page_site_footer_hide_bottom":"","cozystay_single_custom_mobile_menu_source":"","cozystay_single_custom_mobile_menu":"0","cozystay_single_custom_mobile_menu_animation":"","cozystay_single_custom_mobile_menu_width":"","cozystay_single_custom_mobile_menu_custom_width":375,"footnotes":""},"class_list":["post-20959","page","type-page","status-publish","hentry"],"yoast_head":"<!-- This site is optimized with the Yoast SEO plugin v27.3 - https:\/\/yoast.com\/product\/yoast-seo-wordpress\/ -->\n<title>Avis Juridique | Apartamentos Augustus<\/title>\n<meta name=\"robots\" content=\"index, follow, max-snippet:-1, max-image-preview:large, max-video-preview:-1\" \/>\n<link rel=\"canonical\" href=\"https:\/\/apartamentosaugustus.augustushotels.es\/fr\/avis-juridique-imprint\/\" \/>\n<meta property=\"og:locale\" content=\"fr_FR\" \/>\n<meta property=\"og:type\" content=\"article\" \/>\n<meta property=\"og:title\" content=\"Avis Juridique | Apartamentos Augustus\" \/>\n<meta property=\"og:description\" content=\"H\u00d4TELS AUGUSTUS Avis Juridique\" \/>\n<meta property=\"og:url\" content=\"https:\/\/apartamentosaugustus.augustushotels.es\/fr\/avis-juridique-imprint\/\" \/>\n<meta property=\"og:site_name\" content=\"Apartamentos Augustus\" \/>\n<meta property=\"article:modified_time\" content=\"2026-03-30T15:14:11+00:00\" \/>\n<meta name=\"twitter:card\" content=\"summary_large_image\" \/>\n<script type=\"application\/ld+json\" class=\"yoast-schema-graph\">{\"@context\":\"https:\\\/\\\/schema.org\",\"@graph\":[{\"@type\":\"WebPage\",\"@id\":\"https:\\\/\\\/apartamentosaugustus.augustushotels.es\\\/fr\\\/avis-juridique-imprint\\\/\",\"url\":\"https:\\\/\\\/apartamentosaugustus.augustushotels.es\\\/fr\\\/avis-juridique-imprint\\\/\",\"name\":\"Avis Juridique | Apartamentos Augustus\",\"isPartOf\":{\"@id\":\"https:\\\/\\\/apartamentosaugustus.augustushotels.es\\\/fr\\\/#website\"},\"datePublished\":\"2026-01-05T00:14:46+00:00\",\"dateModified\":\"2026-03-30T15:14:11+00:00\",\"breadcrumb\":{\"@id\":\"https:\\\/\\\/apartamentosaugustus.augustushotels.es\\\/fr\\\/avis-juridique-imprint\\\/#breadcrumb\"},\"inLanguage\":\"fr-FR\",\"potentialAction\":[{\"@type\":\"ReadAction\",\"target\":[\"https:\\\/\\\/apartamentosaugustus.augustushotels.es\\\/fr\\\/avis-juridique-imprint\\\/\"]}]},{\"@type\":\"BreadcrumbList\",\"@id\":\"https:\\\/\\\/apartamentosaugustus.augustushotels.es\\\/fr\\\/avis-juridique-imprint\\\/#breadcrumb\",\"itemListElement\":[{\"@type\":\"ListItem\",\"position\":1,\"name\":\"Portada\",\"item\":\"https:\\\/\\\/apartamentosaugustus.augustushotels.es\\\/fr\\\/accueil\\\/\"},{\"@type\":\"ListItem\",\"position\":2,\"name\":\"Avis Juridique\"}]},{\"@type\":\"WebSite\",\"@id\":\"https:\\\/\\\/apartamentosaugustus.augustushotels.es\\\/fr\\\/#website\",\"url\":\"https:\\\/\\\/apartamentosaugustus.augustushotels.es\\\/fr\\\/\",\"name\":\"Apartamentos Augustus\",\"description\":\"Apartamentos en Cambrils en primera l\u00ednea de playa\",\"potentialAction\":[{\"@type\":\"SearchAction\",\"target\":{\"@type\":\"EntryPoint\",\"urlTemplate\":\"https:\\\/\\\/apartamentosaugustus.augustushotels.es\\\/fr\\\/?s={search_term_string}\"},\"query-input\":{\"@type\":\"PropertyValueSpecification\",\"valueRequired\":true,\"valueName\":\"search_term_string\"}}],\"inLanguage\":\"fr-FR\"}]}<\/script>\n<!-- \/ Yoast SEO plugin. -->","yoast_head_json":{"title":"Avis Juridique | Apartamentos Augustus","robots":{"index":"index","follow":"follow","max-snippet":"max-snippet:-1","max-image-preview":"max-image-preview:large","max-video-preview":"max-video-preview:-1"},"canonical":"https:\/\/apartamentosaugustus.augustushotels.es\/fr\/avis-juridique-imprint\/","og_locale":"fr_FR","og_type":"article","og_title":"Avis Juridique | Apartamentos Augustus","og_description":"H\u00d4TELS AUGUSTUS Avis Juridique","og_url":"https:\/\/apartamentosaugustus.augustushotels.es\/fr\/avis-juridique-imprint\/","og_site_name":"Apartamentos Augustus","article_modified_time":"2026-03-30T15:14:11+00:00","twitter_card":"summary_large_image","schema":{"@context":"https:\/\/schema.org","@graph":[{"@type":"WebPage","@id":"https:\/\/apartamentosaugustus.augustushotels.es\/fr\/avis-juridique-imprint\/","url":"https:\/\/apartamentosaugustus.augustushotels.es\/fr\/avis-juridique-imprint\/","name":"Avis Juridique | Apartamentos Augustus","isPartOf":{"@id":"https:\/\/apartamentosaugustus.augustushotels.es\/fr\/#website"},"datePublished":"2026-01-05T00:14:46+00:00","dateModified":"2026-03-30T15:14:11+00:00","breadcrumb":{"@id":"https:\/\/apartamentosaugustus.augustushotels.es\/fr\/avis-juridique-imprint\/#breadcrumb"},"inLanguage":"fr-FR","potentialAction":[{"@type":"ReadAction","target":["https:\/\/apartamentosaugustus.augustushotels.es\/fr\/avis-juridique-imprint\/"]}]},{"@type":"BreadcrumbList","@id":"https:\/\/apartamentosaugustus.augustushotels.es\/fr\/avis-juridique-imprint\/#breadcrumb","itemListElement":[{"@type":"ListItem","position":1,"name":"Portada","item":"https:\/\/apartamentosaugustus.augustushotels.es\/fr\/accueil\/"},{"@type":"ListItem","position":2,"name":"Avis Juridique"}]},{"@type":"WebSite","@id":"https:\/\/apartamentosaugustus.augustushotels.es\/fr\/#website","url":"https:\/\/apartamentosaugustus.augustushotels.es\/fr\/","name":"Apartamentos Augustus","description":"Apartamentos en Cambrils en primera l\u00ednea de playa","potentialAction":[{"@type":"SearchAction","target":{"@type":"EntryPoint","urlTemplate":"https:\/\/apartamentosaugustus.augustushotels.es\/fr\/?s={search_term_string}"},"query-input":{"@type":"PropertyValueSpecification","valueRequired":true,"valueName":"search_term_string"}}],"inLanguage":"fr-FR"}]}},"_links":{"self":[{"href":"https:\/\/apartamentosaugustus.augustushotels.es\/fr\/wp-json\/wp\/v2\/pages\/20959","targetHints":{"allow":["GET"]}}],"collection":[{"href":"https:\/\/apartamentosaugustus.augustushotels.es\/fr\/wp-json\/wp\/v2\/pages"}],"about":[{"href":"https:\/\/apartamentosaugustus.augustushotels.es\/fr\/wp-json\/wp\/v2\/types\/page"}],"author":[{"embeddable":true,"href":"https:\/\/apartamentosaugustus.augustushotels.es\/fr\/wp-json\/wp\/v2\/users\/1"}],"replies":[{"embeddable":true,"href":"https:\/\/apartamentosaugustus.augustushotels.es\/fr\/wp-json\/wp\/v2\/comments?post=20959"}],"version-history":[{"count":1,"href":"https:\/\/apartamentosaugustus.augustushotels.es\/fr\/wp-json\/wp\/v2\/pages\/20959\/revisions"}],"predecessor-version":[{"id":20960,"href":"https:\/\/apartamentosaugustus.augustushotels.es\/fr\/wp-json\/wp\/v2\/pages\/20959\/revisions\/20960"}],"wp:attachment":[{"href":"https:\/\/apartamentosaugustus.augustushotels.es\/fr\/wp-json\/wp\/v2\/media?parent=20959"}],"curies":[{"name":"wp","href":"https:\/\/api.w.org\/{rel}","templated":true}]}}